{"id":148,"date":"2025-09-18T13:47:36","date_gmt":"2025-09-18T19:47:36","guid":{"rendered":"http:\/\/ecoticketapp.local\/?page_id=148"},"modified":"2026-01-11T16:06:39","modified_gmt":"2026-01-11T16:06:39","slug":"servicios","status":"publish","type":"page","link":"https:\/\/ecoticketapp.com\/?page_id=148","title":{"rendered":"Servicios"},"content":{"rendered":"\n<div class=\"wp-block-cover alignfull is-light\" style=\"min-height:547px;aspect-ratio:unset;\"><span aria-hidden=\"true\" class=\"wp-block-cover__background has-background-dim-100 has-background-dim\" style=\"background-color:#c5d7d0\"><\/span><div class=\"wp-block-cover__inner-container is-layout-constrained wp-block-cover-is-layout-constrained\">\n<p class=\"has-text-align-center has-small-font-size\"><\/p>\n\n\n\n<div class=\"wp-block-columns is-layout-flex wp-container-core-columns-is-layout-28f84493 wp-block-columns-is-layout-flex\">\n<div class=\"wp-block-column is-layout-flow wp-block-column-is-layout-flow\" style=\"flex-basis:66.66%\">\n<p class=\"has-text-align-center has-ti-fg-color has-text-color has-link-color has-playfair-display-font-family has-huge-font-size wp-elements-f7319e258d164c251f4a16c7ac1307d7\">\u00bfDeseas Facturar?<\/p>\n\n\n\n<p class=\"has-text-align-center has-ti-fg-color has-text-color has-link-color has-playfair-display-font-family has-huge-font-size wp-elements-b139750bb49fb94fd37ecb22996e1c3f\">\u00a1Descarga nuestra App!<\/p>\n\n\n\n<div class=\"wp-block-columns is-layout-flex wp-container-core-columns-is-layout-28f84493 wp-block-columns-is-layout-flex\">\n<div class=\"wp-block-column is-layout-flow wp-block-column-is-layout-flow\">\n<figure class=\"wp-block-image alignright size-full is-resized\"><a href=\"https:\/\/play.google.com\/store\/apps\/details?id=com.hackguar.EcoTicket_codesit\"><img decoding=\"async\" src=\"https:\/\/ecoticketapp.com\/wp-content\/uploads\/2025\/09\/google-play.png\" alt=\"\" class=\"wp-image-244\" style=\"width:215px;height:auto\"\/><\/a><\/figure>\n<\/div>\n\n\n\n<div class=\"wp-block-column is-layout-flow wp-block-column-is-layout-flow\">\n<figure class=\"wp-block-image size-full is-resized\"><img decoding=\"async\" src=\"https:\/\/ecoticketapp.com\/wp-content\/uploads\/2025\/09\/apple-store-play.png\" alt=\"\" class=\"wp-image-245\" style=\"width:217px;height:auto\"\/><\/figure>\n<\/div>\n<\/div>\n\n\n\n<p class=\"has-text-align-center has-playfair-display-font-family has-x-large-font-size\">\u00a1Es Gratis!<\/p>\n<\/div>\n\n\n\n<div class=\"wp-block-column is-vertically-aligned-center has-large-font-size is-layout-flow wp-container-core-column-is-layout-b2a27621 wp-block-column-is-layout-flow\" style=\"padding-top:0;padding-right:0;padding-bottom:0;padding-left:0;flex-basis:33.33%\">\n<figure class=\"wp-block-image size-full is-resized\" style=\"margin-top:0;margin-right:0;margin-bottom:0;margin-left:0\"><img decoding=\"async\" src=\"https:\/\/ecoticketapp.com\/wp-content\/uploads\/2025\/09\/mano-celular-app-1.png\" alt=\"\" class=\"wp-image-178\" style=\"object-fit:cover;width:400px;height:500px\"\/><\/figure>\n<\/div>\n<\/div>\n<\/div><\/div>\n\n\n\n<p class=\"has-ti-bg-background-color has-background\"><strong>ECOTICEKT<\/strong> es una aplicaci\u00f3n para dispositivos m\u00f3viles que genera un ticket digital, reduciendo el uso de papel y energ\u00eda, contribuyendo a una econom\u00eda circular. Adem\u00e1s, permite realizar tus facturas desde la Aplicaci\u00f3n, mejorando los procesos en l\u00ednea de caja, ahorrando tiempo y haciendo m\u00e1s eficientes los procesos en los negocios.<\/p>\n\n\n\n<hr class=\"wp-block-separator has-alpha-channel-opacity is-style-wide\" style=\"margin-top:var(--wp--preset--spacing--60);margin-bottom:var(--wp--preset--spacing--60)\"\/>\n\n\n\n<div class=\"wp-block-media-text alignwide is-stacked-on-mobile\" style=\"grid-template-columns:49% auto\"><figure class=\"wp-block-media-text__media\"><img decoding=\"async\" src=\"https:\/\/ecoticketapp.com\/wp-content\/uploads\/2025\/09\/Logo-eco-blanco.jpg\" alt=\"\" class=\"wp-image-185 size-full\"\/><\/figure><div class=\"wp-block-media-text__content\">\n<p class=\"has-text-align-center has-playfair-display-font-family has-x-large-font-size\"><strong>Donde veas esta imagen<\/strong><\/p>\n\n\n\n<p><\/p>\n\n\n\n<p class=\"has-text-align-center has-playfair-display-font-family has-x-large-font-size\"><strong>\u00a1Solo Captura y Factura!<\/strong><\/p>\n<\/div><\/div>\n\n\n\n<hr class=\"wp-block-separator has-alpha-channel-opacity is-style-wide\" style=\"margin-top:var(--wp--preset--spacing--60);margin-bottom:var(--wp--preset--spacing--60)\"\/>\n\n\n\n<div class=\"wp-block-media-text alignwide has-media-on-the-right is-stacked-on-mobile\" style=\"grid-template-columns:auto 30%\"><div class=\"wp-block-media-text__content\">\n<p class=\"has-text-align-center has-playfair-display-font-family has-x-large-font-size\">Genera un Ticket Digital en tu Punto de Venta <\/p>\n\n\n\n<p class=\"has-text-align-center\"><\/p>\n<\/div><figure class=\"wp-block-media-text__media\"><img decoding=\"async\" src=\"https:\/\/ecoticketapp.com\/wp-content\/uploads\/2025\/09\/API.png\" alt=\"\" class=\"wp-image-52 size-full\"\/><\/figure><\/div>\n\n\n\n<div class=\"wp-block-columns alignwide is-layout-flex wp-container-core-columns-is-layout-28f84493 wp-block-columns-is-layout-flex\">\n<div class=\"wp-block-column is-vertically-aligned-center is-layout-flow wp-block-column-is-layout-flow\" style=\"flex-basis:66.66%\"><\/div>\n\n\n\n<div class=\"wp-block-column is-layout-flow wp-block-column-is-layout-flow\" style=\"flex-basis:33.33%\">\n<p class=\"has-text-align-center\">Conecta tu ERP a nuesta API, para generar un ticket digital en cada operaci\u00f3n. Si tienes un proveedor del Servicio para tu Punto de Venta p\u00eddele que nos contacte, la conexi\u00f3n es gratuita.<\/p>\n<\/div>\n<\/div>\n\n\n\n<hr class=\"wp-block-separator has-alpha-channel-opacity is-style-wide\" style=\"margin-top:var(--wp--preset--spacing--60);margin-bottom:var(--wp--preset--spacing--60)\"\/>\n\n\n\n<div class=\"wp-block-columns is-layout-flex wp-container-core-columns-is-layout-28f84493 wp-block-columns-is-layout-flex\">\n<div class=\"wp-block-column is-layout-flow wp-block-column-is-layout-flow\">\n<p class=\"has-text-align-center has-playfair-display-font-family has-x-large-font-size\">Sistema de Facturaci\u00f3n para PyMEs y Profesionistas<\/p>\n<\/div>\n\n\n\n<div class=\"wp-block-column is-layout-flow wp-block-column-is-layout-flow\">\n<p>Si tienes una PyME o eres un Prestador de Servicios, utiliza nuesto Sistema para generar tu CFDI desde nuestro M\u00f3dulo WEB.<\/p>\n\n\n\n<p>Tambi\u00e9n puedes entregar a tus clientes un QR con nuestro Sistema, para facturar desde la App ECOTICKET. Es como tener un m\u00f3dulo de autofacturaci\u00f3n con tu propia Aplicaci\u00f3n, sin un costo adicional.<\/p>\n<\/div>\n<\/div>\n\n\n\n<p><\/p>\n\n\n\n<hr class=\"wp-block-separator has-alpha-channel-opacity is-style-wide\" style=\"margin-top:var(--wp--preset--spacing--60);margin-bottom:var(--wp--preset--spacing--60)\"\/>\n\n\n\n<div id=\"wp-block-themeisle-blocks-advanced-columns-1e44b027\" class=\"wp-block-themeisle-blocks-advanced-columns has-2-columns has-desktop-twoOne-layout has-tablet-equal-layout has-mobile-collapsedRows-layout has-vertical-unset\"><div class=\"wp-block-themeisle-blocks-advanced-columns-overlay\"><\/div><div class=\"innerblocks-wrap\">\n<div id=\"wp-block-themeisle-blocks-advanced-column-75eb2ab0\" class=\"wp-block-themeisle-blocks-advanced-column\">\n<figure class=\"wp-block-image size-full is-resized\"><img fetchpriority=\"high\" decoding=\"async\" width=\"606\" height=\"386\" src=\"https:\/\/ecoticketapp.com\/wp-content\/uploads\/2025\/11\/Nueva-lista-paquetes.png\" alt=\"\" class=\"wp-image-295\" style=\"width:640px;height:auto\" srcset=\"https:\/\/ecoticketapp.com\/wp-content\/uploads\/2025\/11\/Nueva-lista-paquetes.png 606w, https:\/\/ecoticketapp.com\/wp-content\/uploads\/2025\/11\/Nueva-lista-paquetes-300x191.png 300w\" sizes=\"(max-width: 606px) 100vw, 606px\" \/><\/figure>\n<\/div>\n\n\n\n<div id=\"wp-block-themeisle-blocks-advanced-column-d3b98085\" class=\"wp-block-themeisle-blocks-advanced-column\">\n<p><\/p>\n\n\n\n<p><\/p>\n\n\n\n<p class=\"has-text-align-center has-playfair-display-font-family has-x-large-font-size\">\u00a1Utiliza el Sistema Gratis 30 d\u00edas!**<\/p>\n<\/div>\n<\/div><\/div>\n\n\n\n<p>*La vigencia de los timbres es de un a\u00f1o, excepto en el Plan Ilimitado mensual.<\/p>\n\n\n\n<p>**La prueba gratis es por \u00fanica ocasi\u00f3n al registrarte en el Sistema.<\/p>\n\n\n\n<figure class=\"wp-block-video\"><video height=\"1080\" style=\"aspect-ratio: 1920 \/ 1080;\" width=\"1920\" controls src=\"https:\/\/ecoticketapp.com\/wp-content\/uploads\/2025\/11\/Sistema_horizontal-completa.mp4\"><\/video><\/figure>\n\n\n\n<p><\/p>\n","protected":false},"excerpt":{"rendered":"<p>ECOTICEKT es una aplicaci\u00f3n para dispositivos m\u00f3viles que genera un ticket digital, reduciendo el uso de papel y energ\u00eda, contribuyendo a una econom\u00eda circular. Adem\u00e1s, permite realizar tus facturas desde la Aplicaci\u00f3n, mejorando los procesos en l\u00ednea de caja, ahorrando tiempo y haciendo m\u00e1s eficientes los procesos en los negocios. Donde veas esta imagen \u00a1Solo [&hellip;]<\/p>\n","protected":false},"author":2,"featured_media":0,"parent":0,"menu_order":0,"comment_status":"closed","ping_status":"closed","template":"","meta":{"_editorskit_title_hidden":false,"_editorskit_reading_time":0,"_editorskit_is_block_options_detached":false,"_editorskit_block_options_position":"{}","_themeisle_gutenberg_block_has_review":false,"footnotes":""},"class_list":["post-148","page","type-page","status-publish","hentry"],"_links":{"self":[{"href":"https:\/\/ecoticketapp.com\/index.php?rest_route=\/wp\/v2\/pages\/148","targetHints":{"allow":["GET"]}}],"collection":[{"href":"https:\/\/ecoticketapp.com\/index.php?rest_route=\/wp\/v2\/pages"}],"about":[{"href":"https:\/\/ecoticketapp.com\/index.php?rest_route=\/wp\/v2\/types\/page"}],"author":[{"embeddable":true,"href":"https:\/\/ecoticketapp.com\/index.php?rest_route=\/wp\/v2\/users\/2"}],"replies":[{"embeddable":true,"href":"https:\/\/ecoticketapp.com\/index.php?rest_route=%2Fwp%2Fv2%2Fcomments&post=148"}],"version-history":[{"count":10,"href":"https:\/\/ecoticketapp.com\/index.php?rest_route=\/wp\/v2\/pages\/148\/revisions"}],"predecessor-version":[{"id":323,"href":"https:\/\/ecoticketapp.com\/index.php?rest_route=\/wp\/v2\/pages\/148\/revisions\/323"}],"wp:attachment":[{"href":"https:\/\/ecoticketapp.com\/index.php?rest_route=%2Fwp%2Fv2%2Fmedia&parent=148"}],"curies":[{"name":"wp","href":"https:\/\/api.w.org\/{rel}","templated":true}]}}